{"id":689,"date":"2024-10-15T14:52:40","date_gmt":"2024-10-15T12:52:40","guid":{"rendered":"https:\/\/arcade-bio.ch\/?page_id=689"},"modified":"2025-09-18T17:51:27","modified_gmt":"2025-09-18T15:51:27","slug":"site","status":"publish","type":"page","link":"https:\/\/arcade-bio.ch\/","title":{"rendered":"Page d&rsquo;accueil &#8211; Arcade Bio"},"content":{"rendered":"<p>[et_pb_section fb_built=\u00a0\u00bb1&Prime; admin_label=\u00a0\u00bbSection\u00a0\u00bb _builder_version=\u00a0\u00bb4.18.0&Prime; _module_preset=\u00a0\u00bbdefault\u00a0\u00bb background_color=\u00a0\u00bb#a2c643&Prime; hover_enabled=\u00a0\u00bb0&Prime; global_colors_info=\u00a0\u00bb{}\u00a0\u00bb sticky_enabled=\u00a0\u00bb0&Prime;][et_pb_row column_structure=\u00a0\u00bb1_2,1_2&Prime; _builder_version=\u00a0\u00bb4.18.0&Prime; _module_preset=\u00a0\u00bbdefault\u00a0\u00bb hover_enabled=\u00a0\u00bb0&Prime; global_colors_info=\u00a0\u00bb{}\u00a0\u00bb sticky_enabled=\u00a0\u00bb0&Prime;][et_pb_column type=\u00a0\u00bb1_2&Prime; _builder_version=\u00a0\u00bb4.18.0&Prime; _module_preset=\u00a0\u00bbdefault\u00a0\u00bb global_colors_info=\u00a0\u00bb{}\u00a0\u00bb][et_pb_gallery gallery_ids=\u00a0\u00bb624,626,620&Prime; fullwidth=\u00a0\u00bbon\u00a0\u00bb _builder_version=\u00a0\u00bb4.18.0&Prime; _module_preset=\u00a0\u00bbdefault\u00a0\u00bb pagination_text_color=\u00a0\u00bb#FFFFFF\u00a0\u00bb transform_rotate=\u00a0\u00bb0deg|0deg|356deg\u00a0\u00bb width=\u00a0\u00bb88%\u00a0\u00bb custom_margin=\u00a0\u00bb||-103px|||\u00a0\u00bb hover_transition_delay=\u00a0\u00bb50ms\u00a0\u00bb hover_transition_speed_curve=\u00a0\u00bblinear\u00a0\u00bb border_color_all=\u00a0\u00bb#5B8500&Prime; global_colors_info=\u00a0\u00bb{}\u00a0\u00bb][\/et_pb_gallery][\/et_pb_column][et_pb_column type=\u00a0\u00bb1_2&Prime; _builder_version=\u00a0\u00bb4.18.0&Prime; _module_preset=\u00a0\u00bbdefault\u00a0\u00bb global_colors_info=\u00a0\u00bb{}\u00a0\u00bb][et_pb_text _builder_version=\u00a0\u00bb4.18.0&Prime; _module_preset=\u00a0\u00bbdefault\u00a0\u00bb text_font=\u00a0\u00bbGill Sans|600|||||||\u00a0\u00bb text_text_color=\u00a0\u00bb#FFFFFF\u00a0\u00bb text_font_size=\u00a0\u00bb41px\u00a0\u00bb text_line_height=\u00a0\u00bb0.8em\u00a0\u00bb width=\u00a0\u00bb111.2%\u00a0\u00bb custom_margin=\u00a0\u00bb|-55px|33px||false|false\u00a0\u00bb custom_padding=\u00a0\u00bb33px|18px|||false|false\u00a0\u00bb hover_enabled=\u00a0\u00bb0&Prime; global_colors_info=\u00a0\u00bb{}\u00a0\u00bb sticky_enabled=\u00a0\u00bb0&Prime;]<\/p>\n<p><span style=\"font-size: xx-large;\">L&rsquo;Arcade ferme ses portes.<\/span><\/p>\n<p>[\/et_pb_text][et_pb_text _builder_version=\u00a0\u00bb4.18.0&Prime; _module_preset=\u00a0\u00bbdefault\u00a0\u00bb text_font=\u00a0\u00bbGill Sans|500|||||||\u00a0\u00bb text_text_color=\u00a0\u00bb#2e7251&Prime; text_font_size=\u00a0\u00bb19px\u00a0\u00bb custom_padding=\u00a0\u00bb||0px|||\u00a0\u00bb global_colors_info=\u00a0\u00bb{}\u00a0\u00bb]<\/p>\n<p>Comme vous le savez bien, l\u2019activit\u00e9 d\u2019un petit commerce de proximit\u00e9 est difficile depuis quelques ann\u00e9es. Ce d\u2019autant plus lorsqu\u2019il s\u2019agit de travailler avec des produits vivants et rapidement p\u00e9rissables.<\/p>\n<p>L\u2019Arcade n\u2019a pas \u00e9t\u00e9 \u00ab\u00e9pargn\u00e9e\u00bb : nous sommes contraints de cesser notre activit\u00e9 telle qu\u2019elle \u00e9tait con\u00e7ue.<\/p>\n<p>Une porte se ferme mais une autre s\u2019ouvre. Ce lieu va rester un lieu de vente de produits du terroir, dans un esprit de quartier et de convivialit\u00e9.<\/p>\n<p><strong>L\u2019Union Mara\u00eech\u00e8re de Gen\u00e8ve (UMG) reprend le magasin et il sera ouvert d\u00e8s lundi 6 octobre.<\/strong><\/p>\n<p>Vous avez aussi la possibilit\u00e9 de commander des paniers de fruits et l\u00e9gumes BIO auxquels vous pouvez ajouter plein de bons produits, aupr\u00e8s d\u2019espace-terroir<\/p>\n<p>[\/et_pb_text][et_pb_button button_url=\u00a0\u00bbhttp:\/\/www.espace-terroir.ch\/\u00a0\u00bb button_text=\u00a0\u00bbEspace-terroir &#8211; Produits locaux bio\u00a0\u00bb _builder_version=\u00a0\u00bb4.18.0&Prime; _module_preset=\u00a0\u00bbdefault\u00a0\u00bb custom_button=\u00a0\u00bbon\u00a0\u00bb button_bg_color=\u00a0\u00bb#985da2&Prime; background_layout=\u00a0\u00bbdark\u00a0\u00bb custom_padding=\u00a0\u00bb||2px|||\u00a0\u00bb global_colors_info=\u00a0\u00bb{}\u00a0\u00bb][\/et_pb_button][\/et_pb_column][\/et_pb_row][\/et_pb_section]<\/p>\n","protected":false},"excerpt":{"rendered":"<p>L&rsquo;Arcade ferme ses portes.Comme vous le savez bien, l\u2019activit\u00e9 d\u2019un petit commerce de proximit\u00e9 est difficile depuis quelques ann\u00e9es. Ce d\u2019autant plus lorsqu\u2019il s\u2019agit de travailler avec des produits vivants et rapidement p\u00e9rissables. L\u2019Arcade n\u2019a pas \u00e9t\u00e9 \u00ab\u00e9pargn\u00e9e\u00bb : nous sommes contraints de cesser notre activit\u00e9 telle qu\u2019elle \u00e9tait con\u00e7ue. Une porte se ferme mais [&hellip;]<\/p>\n","protected":false},"author":1,"featured_media":0,"parent":0,"menu_order":0,"comment_status":"closed","ping_status":"closed","template":"","meta":{"_et_pb_use_builder":"on","_et_pb_old_content":"","_et_gb_content_width":"","footnotes":""},"_links":{"self":[{"href":"https:\/\/arcade-bio.ch\/index.php?rest_route=\/wp\/v2\/pages\/689"}],"collection":[{"href":"https:\/\/arcade-bio.ch\/index.php?rest_route=\/wp\/v2\/pages"}],"about":[{"href":"https:\/\/arcade-bio.ch\/index.php?rest_route=\/wp\/v2\/types\/page"}],"author":[{"embeddable":true,"href":"https:\/\/arcade-bio.ch\/index.php?rest_route=\/wp\/v2\/users\/1"}],"replies":[{"embeddable":true,"href":"https:\/\/arcade-bio.ch\/index.php?rest_route=%2Fwp%2Fv2%2Fcomments&post=689"}],"version-history":[{"count":91,"href":"https:\/\/arcade-bio.ch\/index.php?rest_route=\/wp\/v2\/pages\/689\/revisions"}],"predecessor-version":[{"id":882,"href":"https:\/\/arcade-bio.ch\/index.php?rest_route=\/wp\/v2\/pages\/689\/revisions\/882"}],"wp:attachment":[{"href":"https:\/\/arcade-bio.ch\/index.php?rest_route=%2Fwp%2Fv2%2Fmedia&parent=689"}],"curies":[{"name":"wp","href":"https:\/\/api.w.org\/{rel}","templated":true}]}}